{"id":3,"date":"2021-10-11T14:49:22","date_gmt":"2021-10-11T17:49:22","guid":{"rendered":"http:\/\/hosiasson.cl\/?page_id=3"},"modified":"2024-01-16T18:18:09","modified_gmt":"2024-01-16T21:18:09","slug":"politica-de-privacidad","status":"publish","type":"page","link":"http:\/\/hosiasson.cl\/index.php\/politica-de-privacidad\/","title":{"rendered":"Pol\u00edticas de Privacidad"},"content":{"rendered":"\t\t<div data-elementor-type=\"wp-page\" data-elementor-id=\"3\" class=\"elementor elementor-3\">\n\t\t\t\t\t\t\t\t\t<section class=\"elementor-section elementor-top-section elementor-element elementor-element-522e2046 elementor-section-boxed elementor-section-height-default elementor-section-height-default wd-section-disabled\" data-id=\"522e2046\" data-element_type=\"section\">\n\t\t\t\t\t\t<div class=\"elementor-container elementor-column-gap-default\">\n\t\t\t\t\t<div class=\"elementor-column elementor-col-100 elementor-top-column elementor-element elementor-element-768f3366\" data-id=\"768f3366\" data-element_type=\"column\">\n\t\t\t<div class=\"elementor-widget-wrap elementor-element-populated\">\n\t\t\t\t\t\t\t\t<div class=\"elementor-element elementor-element-71d100af color-scheme-inherit text-left elementor-widget elementor-widget-text-editor\" data-id=\"71d100af\" data-element_type=\"widget\" data-widget_type=\"text-editor.default\">\n\t\t\t\t<div class=\"elementor-widget-container\">\n\t\t\t<style>\/*! elementor - v3.18.0 - 20-12-2023 *\/\n.elementor-widget-text-editor.elementor-drop-cap-view-stacked .elementor-drop-cap{background-color:#69727d;color:#fff}.elementor-widget-text-editor.elementor-drop-cap-view-framed .elementor-drop-cap{color:#69727d;border:3px solid;background-color:transparent}.elementor-widget-text-editor:not(.elementor-drop-cap-view-default) .elementor-drop-cap{margin-top:8px}.elementor-widget-text-editor:not(.elementor-drop-cap-view-default) .elementor-drop-cap-letter{width:1em;height:1em}.elementor-widget-text-editor .elementor-drop-cap{float:left;text-align:center;line-height:1;font-size:50px}.elementor-widget-text-editor .elementor-drop-cap-letter{display:inline-block}<\/style>\t\t\t\t<p><span style=\"color: #000000;\"><!-- wp:heading --><\/span><\/p>\n<p><span style=\"color: #000000;\">Nuestro sitio web no almacena ning\u00fan dato de tus tarjetas de cr\u00e9dito o d\u00e9bito para el agendamiento de horas, ya que utilizamos links externos verificados, evitando a los posibles criminales cibern\u00e9ticos y respaldando la absoluta privacidad de tus datos.<\/span><\/p>\n<p><span style=\"color: #000000;\">Todas nuestras actividades est\u00e1n basadas en estrictos principios \u00e9ticos y nos comprometemos a una completa confidencialidad en la informaci\u00f3n privada que nos env\u00edas. Utilizaremos tus datos personales para proporcionarte una agradable experiencia, y notificarte alguna modificaci\u00f3n de tu agendamiento. Bajo ninguna circunstancia, esta informaci\u00f3n ser\u00e1 compartida con otras empresas.<\/span><\/p>\n<p><span style=\"color: #000000;\">Si has dado tu consentimiento para recibir boletines de noticias, te los enviaremos. Tambi\u00e9n podremos contactarte para pedirte tu opini\u00f3n despu\u00e9s de alg\u00fan evento. Puedes darte de baja inmediatamente y de forma gratuita de este tipo de notificaciones haciendo click en un v\u00ednculo en el correspondiente correo electr\u00f3nico.<\/span><\/p>\n<p><span style=\"color: #000000;\"><!-- \/wp:paragraph --><\/span><\/p>\t\t\t\t\t\t<\/div>\n\t\t\t\t<\/div>\n\t\t\t\t\t<\/div>\n\t\t<\/div>\n\t\t\t\t\t\t\t<\/div>\n\t\t<\/section>\n\t\t\t\t\t\t\t<\/div>\n\t\t","protected":false},"excerpt":{"rendered":"<p>Nuestro sitio web no almacena ning\u00fan dato de tus tarjetas de cr\u00e9dito o d\u00e9bito para el agendamiento de horas, ya<\/p>\n","protected":false},"author":1,"featured_media":0,"parent":0,"menu_order":0,"comment_status":"closed","ping_status":"open","template":"","meta":{"footnotes":""},"class_list":["post-3","page","type-page","status-publish","hentry"],"_links":{"self":[{"href":"http:\/\/hosiasson.cl\/index.php\/wp-json\/wp\/v2\/pages\/3"}],"collection":[{"href":"http:\/\/hosiasson.cl\/index.php\/wp-json\/wp\/v2\/pages"}],"about":[{"href":"http:\/\/hosiasson.cl\/index.php\/wp-json\/wp\/v2\/types\/page"}],"author":[{"embeddable":true,"href":"http:\/\/hosiasson.cl\/index.php\/wp-json\/wp\/v2\/users\/1"}],"replies":[{"embeddable":true,"href":"http:\/\/hosiasson.cl\/index.php\/wp-json\/wp\/v2\/comments?post=3"}],"version-history":[{"count":6,"href":"http:\/\/hosiasson.cl\/index.php\/wp-json\/wp\/v2\/pages\/3\/revisions"}],"predecessor-version":[{"id":9458,"href":"http:\/\/hosiasson.cl\/index.php\/wp-json\/wp\/v2\/pages\/3\/revisions\/9458"}],"wp:attachment":[{"href":"http:\/\/hosiasson.cl\/index.php\/wp-json\/wp\/v2\/media?parent=3"}],"curies":[{"name":"wp","href":"https:\/\/api.w.org\/{rel}","templated":true}]}}